{"id":36,"date":"2022-03-07T15:14:16","date_gmt":"2022-03-07T14:14:16","guid":{"rendered":"https:\/\/dagtktk.cluster031.hosting.ovh.net\/?page_id=36"},"modified":"2024-10-19T17:58:02","modified_gmt":"2024-10-19T15:58:02","slug":"contacts","status":"publish","type":"page","link":"https:\/\/dibartolomeoplomberie.fr\/index.php\/contacts\/","title":{"rendered":"Contact"},"content":{"rendered":"\t\t<div data-elementor-type=\"wp-page\" data-elementor-id=\"36\" class=\"elementor elementor-36\">\n\t\t\t\t\t\t<section class=\"elementor-section elementor-top-section elementor-element elementor-element-f8334d8 elementor-section-boxed elementor-section-height-default elementor-section-height-default\" data-id=\"f8334d8\" data-element_type=\"section\">\n\t\t\t\t\t\t<div class=\"elementor-container elementor-column-gap-default\">\n\t\t\t\t\t<div class=\"elementor-column elementor-col-100 elementor-top-column elementor-element elementor-element-1063b7f\" data-id=\"1063b7f\" data-element_type=\"column\">\n\t\t\t<div class=\"elementor-widget-wrap elementor-element-populated\">\n\t\t\t\t\t\t<div class=\"elementor-element elementor-element-f1b47b6 elementor-widget elementor-widget-text-editor\" data-id=\"f1b47b6\" data-element_type=\"widget\" data-widget_type=\"text-editor.default\">\n\t\t\t\t<div class=\"elementor-widget-container\">\n\t\t\t\t\t\t\t\t\t<p>Afin que l&rsquo;on puisse vous contacter, n&rsquo;h\u00e9sitez pas \u00e0 nous laisser vos coordonn\u00e9es. <b>Nous vous rappellerons au plus vite !<\/b><\/p>\n<p>L&rsquo;entreprise <b>DI BARTOLOMEO Plomberie<\/b>, c&rsquo;est une \u00e9quipe \u00e0 votre service, sur le d\u00e9partement de l&rsquo;<b>Is\u00e8re<\/b>.<\/p>\t\t\t\t\t\t\t\t<\/div>\n\t\t\t\t<\/div>\n\t\t\t\t\t<\/div>\n\t\t<\/div>\n\t\t\t\t\t<\/div>\n\t\t<\/section>\n\t\t\t\t<section class=\"elementor-section elementor-top-section elementor-element elementor-element-ee33db8 elementor-section-boxed elementor-section-height-default elementor-section-height-default\" data-id=\"ee33db8\" data-element_type=\"section\">\n\t\t\t\t\t\t<div class=\"elementor-container elementor-column-gap-default\">\n\t\t\t\t\t<div class=\"elementor-column elementor-col-100 elementor-top-column elementor-element elementor-element-47d5202\" data-id=\"47d5202\" data-element_type=\"column\">\n\t\t\t<div class=\"elementor-widget-wrap elementor-element-populated\">\n\t\t\t\t\t\t<div class=\"elementor-element elementor-element-d0e1ed0 elementor-widget elementor-widget-html\" data-id=\"d0e1ed0\" data-element_type=\"widget\" data-widget_type=\"html.default\">\n\t\t\t\t<div class=\"elementor-widget-container\">\n\t\t\t\t\t\n<div class=\"wpcf7 no-js\" id=\"wpcf7-f5-o1\" lang=\"fr-FR\" dir=\"ltr\" data-wpcf7-id=\"5\">\n<div class=\"screen-reader-response\"><p role=\"status\" aria-live=\"polite\" aria-atomic=\"true\"><\/p> <ul><\/ul><\/div>\n<form action=\"\/index.php\/wp-json\/wp\/v2\/pages\/36#wpcf7-f5-o1\" method=\"post\" class=\"wpcf7-form init\" aria-label=\"Formulaire de contact\" novalidate=\"novalidate\" data-status=\"init\">\n<div style=\"display: none;\">\n<input type=\"hidden\" name=\"_wpcf7\" value=\"5\" \/>\n<input type=\"hidden\" name=\"_wpcf7_version\" value=\"6.0.5\" \/>\n<input type=\"hidden\" name=\"_wpcf7_locale\" value=\"fr_FR\" \/>\n<input type=\"hidden\" name=\"_wpcf7_unit_tag\" value=\"wpcf7-f5-o1\" \/>\n<input type=\"hidden\" name=\"_wpcf7_container_post\" value=\"0\" \/>\n<input type=\"hidden\" name=\"_wpcf7_posted_data_hash\" value=\"\" \/>\n<\/div>\n<p><label> Votre NOM et pr\u00e9nom<br \/>\n<span class=\"wpcf7-form-control-wrap\" data-name=\"your-name\"><input size=\"40\" maxlength=\"400\" class=\"wpcf7-form-control wpcf7-text wpcf7-validates-as-required\" aria-required=\"true\" aria-invalid=\"false\" value=\"\" type=\"text\" name=\"your-name\" \/><\/span> <\/label>\n<\/p>\n<p><label> Votre e-mail<br \/>\n<span class=\"wpcf7-form-control-wrap\" data-name=\"your-email\"><input size=\"40\" maxlength=\"400\" class=\"wpcf7-form-control wpcf7-email wpcf7-validates-as-required wpcf7-text wpcf7-validates-as-email\" aria-required=\"true\" aria-invalid=\"false\" value=\"\" type=\"email\" name=\"your-email\" \/><\/span> <\/label>\n<\/p>\n<p><label> Objet<br \/>\n<span class=\"wpcf7-form-control-wrap\" data-name=\"your-subject\"><input size=\"40\" maxlength=\"400\" class=\"wpcf7-form-control wpcf7-text wpcf7-validates-as-required\" aria-required=\"true\" aria-invalid=\"false\" value=\"\" type=\"text\" name=\"your-subject\" \/><\/span> <\/label>\n<\/p>\n<p><label> Votre message (facultatif)<br \/>\n<span class=\"wpcf7-form-control-wrap\" data-name=\"your-message\"><textarea cols=\"40\" rows=\"10\" maxlength=\"2000\" class=\"wpcf7-form-control wpcf7-textarea\" aria-invalid=\"false\" name=\"your-message\"><\/textarea><\/span> <\/label>\n<\/p>\n<p><input class=\"wpcf7-form-control wpcf7-submit has-spinner\" type=\"submit\" value=\"Envoyer\" \/>\n<\/p><div class=\"wpcf7-response-output\" aria-hidden=\"true\"><\/div>\n<\/form>\n<\/div>\n\t\t\t\t<\/div>\n\t\t\t\t<\/div>\n\t\t\t\t<div class=\"elementor-element elementor-element-8f89824 elementor-widget-divider--view-line elementor-widget elementor-widget-divider\" data-id=\"8f89824\" data-element_type=\"widget\" data-widget_type=\"divider.default\">\n\t\t\t\t<div class=\"elementor-widget-container\">\n\t\t\t\t\t\t\t<div class=\"elementor-divider\">\n\t\t\t<span class=\"elementor-divider-separator\">\n\t\t\t\t\t\t<\/span>\n\t\t<\/div>\n\t\t\t\t\t\t<\/div>\n\t\t\t\t<\/div>\n\t\t\t\t\t<\/div>\n\t\t<\/div>\n\t\t\t\t\t<\/div>\n\t\t<\/section>\n\t\t\t\t<\/div>\n\t\t","protected":false},"excerpt":{"rendered":"<p>Afin que l&rsquo;on puisse vous contacter, n&rsquo;h\u00e9sitez pas \u00e0 nous laisser vos coordonn\u00e9es. Nous vous rappellerons au plus vite ! L&rsquo;entreprise DI BARTOLOMEO Plomberie, c&rsquo;est une \u00e9quipe \u00e0 votre service, sur le d\u00e9partement de l&rsquo;Is\u00e8re.<\/p>\n","protected":false},"author":1,"featured_media":0,"parent":0,"menu_order":0,"comment_status":"closed","ping_status":"closed","template":"","meta":{"_uag_custom_page_level_css":"","_monsterinsights_skip_tracking":false,"_monsterinsights_sitenote_active":false,"_monsterinsights_sitenote_note":"","_monsterinsights_sitenote_category":0,"_kad_post_transparent":"","_kad_post_title":"","_kad_post_layout":"","_kad_post_sidebar_id":"","_kad_post_content_style":"","_kad_post_vertical_padding":"","_kad_post_feature":"","_kad_post_feature_position":"","_kad_post_header":false,"_kad_post_footer":false,"footnotes":""},"class_list":["post-36","page","type-page","status-publish","hentry"],"yoast_head":"<!-- This site is optimized with the Yoast SEO plugin v27.4 - https:\/\/yoast.com\/product\/yoast-seo-wordpress\/ -->\n<title>Contact -<\/title>\n<meta name=\"robots\" content=\"index, follow, max-snippet:-1, max-image-preview:large, max-video-preview:-1\" \/>\n<link rel=\"canonical\" href=\"https:\/\/dibartolomeoplomberie.fr\/index.php\/contacts\/\" \/>\n<meta property=\"og:locale\" content=\"fr_FR\" \/>\n<meta property=\"og:type\" content=\"article\" \/>\n<meta property=\"og:title\" content=\"Contact -\" \/>\n<meta property=\"og:description\" content=\"Afin que l&rsquo;on puisse vous contacter, n&rsquo;h\u00e9sitez pas \u00e0 nous laisser vos coordonn\u00e9es. Nous vous rappellerons au plus vite ! L&rsquo;entreprise DI BARTOLOMEO Plomberie, c&rsquo;est une \u00e9quipe \u00e0 votre service, sur le d\u00e9partement de l&rsquo;Is\u00e8re.\" \/>\n<meta property=\"og:url\" content=\"https:\/\/dibartolomeoplomberie.fr\/index.php\/contacts\/\" \/>\n<meta property=\"article:modified_time\" content=\"2024-10-19T15:58:02+00:00\" \/>\n<meta name=\"twitter:card\" content=\"summary_large_image\" \/>\n<meta name=\"twitter:label1\" content=\"Dur\u00e9e de lecture estim\u00e9e\" \/>\n\t<meta name=\"twitter:data1\" content=\"1 minute\" \/>\n<script type=\"application\/ld+json\" class=\"yoast-schema-graph\">{\"@context\":\"https:\\\/\\\/schema.org\",\"@graph\":[{\"@type\":\"WebPage\",\"@id\":\"https:\\\/\\\/dibartolomeoplomberie.fr\\\/index.php\\\/contacts\\\/\",\"url\":\"https:\\\/\\\/dibartolomeoplomberie.fr\\\/index.php\\\/contacts\\\/\",\"name\":\"Contact -\",\"isPartOf\":{\"@id\":\"https:\\\/\\\/dibartolomeoplomberie.fr\\\/#website\"},\"datePublished\":\"2022-03-07T14:14:16+00:00\",\"dateModified\":\"2024-10-19T15:58:02+00:00\",\"breadcrumb\":{\"@id\":\"https:\\\/\\\/dibartolomeoplomberie.fr\\\/index.php\\\/contacts\\\/#breadcrumb\"},\"inLanguage\":\"fr-FR\",\"potentialAction\":[{\"@type\":\"ReadAction\",\"target\":[\"https:\\\/\\\/dibartolomeoplomberie.fr\\\/index.php\\\/contacts\\\/\"]}]},{\"@type\":\"BreadcrumbList\",\"@id\":\"https:\\\/\\\/dibartolomeoplomberie.fr\\\/index.php\\\/contacts\\\/#breadcrumb\",\"itemListElement\":[{\"@type\":\"ListItem\",\"position\":1,\"name\":\"Accueil\",\"item\":\"https:\\\/\\\/dibartolomeoplomberie.fr\\\/\"},{\"@type\":\"ListItem\",\"position\":2,\"name\":\"Contact\"}]},{\"@type\":\"WebSite\",\"@id\":\"https:\\\/\\\/dibartolomeoplomberie.fr\\\/#website\",\"url\":\"https:\\\/\\\/dibartolomeoplomberie.fr\\\/\",\"name\":\"\",\"description\":\"\",\"potentialAction\":[{\"@type\":\"SearchAction\",\"target\":{\"@type\":\"EntryPoint\",\"urlTemplate\":\"https:\\\/\\\/dibartolomeoplomberie.fr\\\/?s={search_term_string}\"},\"query-input\":{\"@type\":\"PropertyValueSpecification\",\"valueRequired\":true,\"valueName\":\"search_term_string\"}}],\"inLanguage\":\"fr-FR\"}]}<\/script>\n<!-- \/ Yoast SEO plugin. -->","yoast_head_json":{"title":"Contact -","robots":{"index":"index","follow":"follow","max-snippet":"max-snippet:-1","max-image-preview":"max-image-preview:large","max-video-preview":"max-video-preview:-1"},"canonical":"https:\/\/dibartolomeoplomberie.fr\/index.php\/contacts\/","og_locale":"fr_FR","og_type":"article","og_title":"Contact -","og_description":"Afin que l&rsquo;on puisse vous contacter, n&rsquo;h\u00e9sitez pas \u00e0 nous laisser vos coordonn\u00e9es. Nous vous rappellerons au plus vite ! L&rsquo;entreprise DI BARTOLOMEO Plomberie, c&rsquo;est une \u00e9quipe \u00e0 votre service, sur le d\u00e9partement de l&rsquo;Is\u00e8re.","og_url":"https:\/\/dibartolomeoplomberie.fr\/index.php\/contacts\/","article_modified_time":"2024-10-19T15:58:02+00:00","twitter_card":"summary_large_image","twitter_misc":{"Dur\u00e9e de lecture estim\u00e9e":"1 minute"},"schema":{"@context":"https:\/\/schema.org","@graph":[{"@type":"WebPage","@id":"https:\/\/dibartolomeoplomberie.fr\/index.php\/contacts\/","url":"https:\/\/dibartolomeoplomberie.fr\/index.php\/contacts\/","name":"Contact -","isPartOf":{"@id":"https:\/\/dibartolomeoplomberie.fr\/#website"},"datePublished":"2022-03-07T14:14:16+00:00","dateModified":"2024-10-19T15:58:02+00:00","breadcrumb":{"@id":"https:\/\/dibartolomeoplomberie.fr\/index.php\/contacts\/#breadcrumb"},"inLanguage":"fr-FR","potentialAction":[{"@type":"ReadAction","target":["https:\/\/dibartolomeoplomberie.fr\/index.php\/contacts\/"]}]},{"@type":"BreadcrumbList","@id":"https:\/\/dibartolomeoplomberie.fr\/index.php\/contacts\/#breadcrumb","itemListElement":[{"@type":"ListItem","position":1,"name":"Accueil","item":"https:\/\/dibartolomeoplomberie.fr\/"},{"@type":"ListItem","position":2,"name":"Contact"}]},{"@type":"WebSite","@id":"https:\/\/dibartolomeoplomberie.fr\/#website","url":"https:\/\/dibartolomeoplomberie.fr\/","name":"","description":"","potentialAction":[{"@type":"SearchAction","target":{"@type":"EntryPoint","urlTemplate":"https:\/\/dibartolomeoplomberie.fr\/?s={search_term_string}"},"query-input":{"@type":"PropertyValueSpecification","valueRequired":true,"valueName":"search_term_string"}}],"inLanguage":"fr-FR"}]}},"uagb_featured_image_src":{"full":false,"thumbnail":false,"medium":false,"medium_large":false,"large":false,"1536x1536":false,"2048x2048":false},"uagb_author_info":{"display_name":"admin2630","author_link":"https:\/\/dibartolomeoplomberie.fr\/index.php\/author\/admin2630\/"},"uagb_comment_info":0,"uagb_excerpt":"Afin que l&rsquo;on puisse vous contacter, n&rsquo;h\u00e9sitez pas \u00e0 nous laisser vos coordonn\u00e9es. Nous vous rappellerons au plus vite ! L&rsquo;entreprise DI BARTOLOMEO Plomberie, c&rsquo;est une \u00e9quipe \u00e0 votre service, sur le d\u00e9partement de l&rsquo;Is\u00e8re.","_links":{"self":[{"href":"https:\/\/dibartolomeoplomberie.fr\/index.php\/wp-json\/wp\/v2\/pages\/36","targetHints":{"allow":["GET"]}}],"collection":[{"href":"https:\/\/dibartolomeoplomberie.fr\/index.php\/wp-json\/wp\/v2\/pages"}],"about":[{"href":"https:\/\/dibartolomeoplomberie.fr\/index.php\/wp-json\/wp\/v2\/types\/page"}],"author":[{"embeddable":true,"href":"https:\/\/dibartolomeoplomberie.fr\/index.php\/wp-json\/wp\/v2\/users\/1"}],"replies":[{"embeddable":true,"href":"https:\/\/dibartolomeoplomberie.fr\/index.php\/wp-json\/wp\/v2\/comments?post=36"}],"version-history":[{"count":20,"href":"https:\/\/dibartolomeoplomberie.fr\/index.php\/wp-json\/wp\/v2\/pages\/36\/revisions"}],"predecessor-version":[{"id":393,"href":"https:\/\/dibartolomeoplomberie.fr\/index.php\/wp-json\/wp\/v2\/pages\/36\/revisions\/393"}],"wp:attachment":[{"href":"https:\/\/dibartolomeoplomberie.fr\/index.php\/wp-json\/wp\/v2\/media?parent=36"}],"curies":[{"name":"wp","href":"https:\/\/api.w.org\/{rel}","templated":true}]}}